{"id":25909,"date":"2016-08-25T10:55:29","date_gmt":"2016-08-25T10:55:29","guid":{"rendered":"https:\/\/ferraritools.it\/costruzioni-meccaniche\/"},"modified":"2022-01-28T16:01:36","modified_gmt":"2022-01-28T16:01:36","slug":"mechanische-verarbeitung","status":"publish","type":"page","link":"https:\/\/ferraritools.it\/de\/mechanische-verarbeitung\/","title":{"rendered":"MECHANISCHE VERARBEITUNGEN"},"content":{"rendered":"<div class=\"wpb-content-wrapper\"><p>[vc_row css=&#8220;.vc_custom_1527605316287{margin-bottom: 0px !important;padding-bottom: 0px !important;}&#8220;][vc_column css=&#8220;.vc_custom_1527605038633{margin-top: 0px !important;margin-bottom: 0px !important;padding-top: 0px !important;padding-bottom: 0px !important;}&#8220;]<div id=\"fullwidth-block-69d2d54233a3d\" class=\"fullwidth-block fullwidth-block-parallax-vertical clearfix\" data-mobile-parallax-enable=\"0\" style=\"padding-top: 170px;padding-bottom: 115px;\"><script type=\"text\/javascript\">if (typeof(gem_fix_fullwidth_position) == \"function\") { gem_fix_fullwidth_position(document.getElementById(\"fullwidth-block-69d2d54233a3d\")); }<\/script><div class=\"fullwidth-block-background\" style=\"background-image: url(https:\/\/ferraritools.it\/wp-content\/uploads\/2018\/05\/overlaycostruzioni.jpg);background-repeat: no-repeat; background-size: cover;background-position: center top;\"><\/div><div class=\"fullwidth-block-parallax-overlay\" style=\"background-color: rgba(255,255,255,0.23);\"><\/div><div class=\"fullwidth-block-inner\"><div class=\"container\">[vc_column_text]<\/p>\n<h1 style=\"text-align: center;\"><span style=\"color: #ffffff;\">MECHANISCHE VERARBEITUNGEN<\/span><\/h1>\n<p>[\/vc_column_text][vc_column_text]<\/p>\n<p style=\"text-align: center;\"><span style=\"color: #ffffff;\">Seit vierzig Jahren arbeiten wir eng mit den gr\u00f6\u00dften Herstellern von Abkantpressen zusammen: Wir haben uns bewusst daf\u00fcr entschieden, die zahlreichen, zielgerichteten technologischen Investitionen mit einem Fokus auf Details mit einem absolut handwerklichen Stil zu verbinden.<\/span><\/p>\n<p>[\/vc_column_text]<\/div><\/div><\/div>[\/vc_column][\/vc_row][vc_row el_id=&#8220;standard&#8220;][vc_column]<div class=\"clearboth\"><\/div><style>#thegem-divider-69d2d54233ae0 {margin-top: 80px !important;}<\/style><div id=\"thegem-divider-69d2d54233ae0\" class=\"gem-divider  \" style=\"\" ><\/div>[vc_column_text css=&#8220;.vc_custom_1530112864166{padding-bottom: 30px !important;}&#8220;]<\/p>\n<div class=\"title-h2\" style=\"text-align: center;\">WERKZEUGE <span style=\"color: #3333cc;\">UND <\/span>FORMEN <span style=\"color: #3333cc;\">VOM STANDARDTYP<\/span><\/div>\n<p>[\/vc_column_text][vc_column_text]<\/p>\n<p style=\"text-align: center;\">Unsere mechanischen Standardkonstruktionen sind so konzipiert und gebaut, dass sie sich jeder Art von Abkantpressen anpassen und eine optimale Leistung in Bezug auf Effizienz und Leistung gew\u00e4hrleisten.<\/p>\n<p style=\"text-align: center;\">Dank unserer breiten Lagerverf\u00fcgbarkeit k\u00f6nnen wir stets ein den neuesten Marktentwicklungen entsprechendes Angebot und schnellen Lieferzeiten garantieren.<\/p>\n<p>[\/vc_column_text][\/vc_column][\/vc_row][vc_row full_width=&#8220;stretch_row_content&#8220;][vc_column][vc_row_inner][vc_column_inner][vc_media_grid element_width=&#8220;3&#8243; grid_id=&#8220;vc_gid:1541429139079-3a33333e-f4c9-1&#8243; include=&#8220;25347,25351,25331,25341&#8243;][\/vc_column_inner][\/vc_row_inner][\/vc_column][\/vc_row][vc_row el_id=&#8220;speciali&#8220;][vc_column]<div class=\"clearboth\"><\/div><style>#thegem-divider-69d2d54233b32 {margin-top: 80px !important;}<\/style><div id=\"thegem-divider-69d2d54233b32\" class=\"gem-divider  \" style=\"\" ><\/div>[vc_column_text css=&#8220;.vc_custom_1530112952653{padding-bottom: 15px !important;}&#8220;]<\/p>\n<div class=\"title-h2\" style=\"text-align: center;\">WERKZEUGE <span style=\"color: #3333cc;\">UND <\/span>FORMEN<span style=\"color: #3333cc;\"> SPEZIALANFERTIGUNGEN<\/span><\/div>\n<p>[\/vc_column_text][vc_column_text]<\/p>\n<p style=\"text-align: center;\">Wir beabsichtigen, die L\u00f6sung zu entwickeln, die den Bed\u00fcrfnissen jedes einzelnen Kunden in Bezug auf Qualit\u00e4t und Funktionalit\u00e4t am besten entspricht.<\/p>\n<p style=\"text-align: center;\">Spezielle mechanische Konstruktionen werden in unserem technischen Werkstattbereich nach den Vorgaben des Kunden sorgf\u00e4ltig geplant.<br \/>\nSp\u00e4ter werden sie direkt an den Abkantpressen produziert und getestet: Der After-Sales-Service gibt uns das Gef\u00fchl, ein wesentlicher Bestandteil der erzielten Ergebnisse zu sein.<\/p>\n<p style=\"text-align: center;\">Neben der Induktionsh\u00e4rtung k\u00f6nnen je nach Projekt auch spezielle Einsatzh\u00e4rtungen und Nitrierbehandlungen durchgef\u00fchrt werden.<br \/>\nWir konstruieren und bearbeiten gro\u00dfe Werkzeuge bis zu 8 Meter.<\/p>\n<p>[\/vc_column_text]<div class=\"clearboth\"><\/div><style>#thegem-divider-69d2d54233b99 {margin-top: 20px !important;}<\/style><div id=\"thegem-divider-69d2d54233b99\" class=\"gem-divider  \" style=\"\" ><\/div>[vc_column_text]<\/p>\n<div class=\"title-h4\" style=\"text-align: center;\"><strong>MESSER F\u00dcR PROZESSSCHEREN<\/strong><\/div>\n<div><\/div>\n<p>[\/vc_column_text][vc_column_text]<\/p>\n<p style=\"text-align: center;\">Die Messer werden f\u00fcr jede Marke und jedes Maschinenmodell hergestellt. Je nach Schneidanforderung werden nur hochwertige St\u00e4hle ausgew\u00e4hlt.<\/p>\n<p>[\/vc_column_text][vc_column_text]<\/p>\n<div class=\"title-h4\" style=\"text-align: center;\"><strong>F\u00dcHRUNGSLEISTEN<\/strong><\/div>\n<div><\/div>\n<p>[\/vc_column_text][vc_column_text]<\/p>\n<p style=\"text-align: center;\">Wir liefern induktionsgeh\u00e4rtete und geschliffene F\u00fchrungsleisten.<\/p>\n<p>[\/vc_column_text][\/vc_column][\/vc_row][vc_row full_width=&#8220;stretch_row_content&#8220;][vc_column][vc_row_inner][vc_column_inner][vc_media_grid grid_id=&#8220;vc_gid:1541429139091-b0d3904e-9f48-4&#8243; include=&#8220;25342,25524,25350&#8243;][\/vc_column_inner][\/vc_row_inner][\/vc_column][\/vc_row][vc_row full_width=&#8220;stretch_row_content&#8220; equal_height=&#8220;yes&#8220; css=&#8220;.vc_custom_1528366670735{margin-top: 0px !important;margin-bottom: 0px !important;padding-top: 0px !important;padding-bottom: 0px !important;}&#8220; el_id=&#8220;piegatura&#8220;][vc_column css=&#8220;.vc_custom_1527604167361{padding-right: 100px !important;padding-left: 100px !important;}&#8220; el_class=&#8220;no-padding&#8220; offset=&#8220;vc_col-lg-6&#8243;]<div class=\"clearboth\"><\/div><style>#thegem-divider-69d2d54233bd4 {margin-top: 80px !important;}<\/style><div id=\"thegem-divider-69d2d54233bd4\" class=\"gem-divider  \" style=\"\" ><\/div>[vc_column_text css=&#8220;.vc_custom_1530113137472{padding-bottom: 30px !important;}&#8220;]<\/p>\n<div class=\"title-h2\">BIEGEANLAGEN<\/div>\n<p>[\/vc_column_text][vc_column_text]Neben Pr\u00e4zision und Ma\u00dfhaltigkeit muss auch die \u00c4sthetik des Endproduktes erhalten bleiben: Wir bieten innovative Ideen und L\u00f6sungen, die speziell auf die Anforderungen der verschiedenen Zielbranchen zugeschnitten sind.<\/p>\n<p>Diese Werkzeuge k\u00f6nnen induktionsgeh\u00e4rtet oder nitriert geliefert werden.[\/vc_column_text][vc_row_inner gap=&#8220;20&#8243;][vc_column_inner width=&#8220;1\/3&#8243;][vc_single_image image=&#8220;24997&#8243; img_size=&#8220;medium&#8220;][\/vc_column_inner][vc_column_inner width=&#8220;2\/3&#8243;]<div class=\"clearboth\"><\/div><style>#thegem-divider-69d2d54233c05 {margin-top: 50px !important;}<\/style><div id=\"thegem-divider-69d2d54233c05\" class=\"gem-divider  divider-hidden\" style=\"\" ><\/div>[vc_column_text css=&#8220;.vc_custom_1530113172068{padding-top: 5px !important;}&#8220;]Alle unsere Produkte tragen das Pr\u00fcfzeichen High Quality Control: eine Zertifizierung, die die R\u00fcckverfolgbarkeit und Vorverpackungskontrolle sicherstellt.[\/vc_column_text][\/vc_column_inner][\/vc_row_inner]<div class=\"clearboth\"><\/div><style>#thegem-divider-69d2d54233c32 {margin-top: 60px !important;}<\/style><div id=\"thegem-divider-69d2d54233c32\" class=\"gem-divider  \" style=\"\" ><\/div>[\/vc_column][vc_column css=&#8220;.vc_custom_1527689367030{margin-top: 0px !important;margin-bottom: 0px !important;padding-top: 0px !important;padding-bottom: 0px !important;background-image: url(https:\/\/ferraritools.it\/wp-content\/uploads\/2018\/05\/lineedipiegatura.jpg?id=25161) !important;background-position: center !important;background-repeat: no-repeat !important;background-size: cover !important;}&#8220; offset=&#8220;vc_col-lg-6&#8243;]<div class=\"clearboth\"><\/div><style>#thegem-divider-69d2d54233c5c {margin-top: 500px !important;}<\/style><div id=\"thegem-divider-69d2d54233c5c\" class=\"gem-divider  \" style=\"\" ><\/div>[\/vc_column][\/vc_row]<\/p>\n<\/div>","protected":false},"excerpt":{"rendered":"<p>[vc_row css=&#8220;.vc_custom_1527605316287{margin-bottom: 0px !important;padding-bottom: 0px !important;}&#8220;][vc_column css=&#8220;.vc_custom_1527605038633{margin-top: 0px !important;margin-bottom: 0px !important;padding-top: 0px !important;padding-bottom: 0px !important;}&#8220;][\/vc_column][\/vc_row][vc_row el_id=&#8220;standard&#8220;][vc_column][vc_column_text css=&#8220;.vc_custom_1530112864166{padding-bottom: 30px !important;}&#8220;] WERKZEUGE&#8230;<\/p>\n","protected":false},"author":1,"featured_media":0,"parent":0,"menu_order":3,"comment_status":"closed","ping_status":"closed","template":"","meta":{"footnotes":""},"class_list":["post-25909","page","type-page","status-publish"],"_links":{"self":[{"href":"https:\/\/ferraritools.it\/de\/wp-json\/wp\/v2\/pages\/25909","targetHints":{"allow":["GET"]}}],"collection":[{"href":"https:\/\/ferraritools.it\/de\/wp-json\/wp\/v2\/pages"}],"about":[{"href":"https:\/\/ferraritools.it\/de\/wp-json\/wp\/v2\/types\/page"}],"author":[{"embeddable":true,"href":"https:\/\/ferraritools.it\/de\/wp-json\/wp\/v2\/users\/1"}],"replies":[{"embeddable":true,"href":"https:\/\/ferraritools.it\/de\/wp-json\/wp\/v2\/comments?post=25909"}],"version-history":[{"count":3,"href":"https:\/\/ferraritools.it\/de\/wp-json\/wp\/v2\/pages\/25909\/revisions"}],"predecessor-version":[{"id":25916,"href":"https:\/\/ferraritools.it\/de\/wp-json\/wp\/v2\/pages\/25909\/revisions\/25916"}],"wp:attachment":[{"href":"https:\/\/ferraritools.it\/de\/wp-json\/wp\/v2\/media?parent=25909"}],"curies":[{"name":"wp","href":"https:\/\/api.w.org\/{rel}","templated":true}]}}